{"id":9021,"date":"2025-06-26T13:45:13","date_gmt":"2025-06-26T11:45:13","guid":{"rendered":"https:\/\/blog.footballteamgame.com\/?page_id=9021"},"modified":"2025-08-28T13:47:56","modified_gmt":"2025-08-28T11:47:56","slug":"player-corner","status":"publish","type":"page","link":"https:\/\/blog.footballteamgame.com\/pl\/player-corner\/","title":{"rendered":"Player Corner"},"content":{"rendered":"<div data-elementor-type=\"wp-page\" data-elementor-id=\"9021\" class=\"elementor elementor-9021\" data-elementor-post-type=\"page\">\n\t\t\t\t<div class=\"elementor-element elementor-element-d2f01d4 e-flex e-con-boxed e-con e-parent\" data-id=\"d2f01d4\" data-element_type=\"container\">\n\t\t\t\t\t<div class=\"e-con-inner\">\n\t\t\t\t<div class=\"elementor-element elementor-element-7547e6d loginform elementor-widget elementor-widget-jet-form-builder-form\" data-id=\"7547e6d\" data-element_type=\"widget\" data-widget_type=\"jet-form-builder-form.default\">\n\t\t\t\t<div class=\"elementor-widget-container\">\n\t\t\t\t\t<link rel='stylesheet' id='wp-block-library-css' href='https:\/\/blog.footballteamgame.com\/wp-includes\/css\/dist\/block-library\/style.min.css?ver=6.8.5' type='text\/css' media='all' \/>\n<style id=\"jet-form-builder-8916-inline-css\"><\/style><form  class=\"jet-form-builder layout-column submit-type-reload\" action=\"https:\/\/blog.footballteamgame.com\/pl\/wp-json\/wp\/v2\/pages\/9021\/?F9zswF=qSYHEBTCb9&#038;method=reload\" method=\"POST\" data-form-id=\"8916\" data-layout=\"column\" enctype=\"multipart\/form-data\" novalidate=\"null\" data-trp-original-action=\"https:\/\/blog.footballteamgame.com\/pl\/wp-json\/wp\/v2\/pages\/9021\/?F9zswF=qSYHEBTCb9&amp;method=reload\"><input type=\"hidden\" id=\"_wpnonce\" name=\"_wpnonce\" value=\"652b7d3b8c\" \/><input type=\"hidden\" name=\"_wp_http_referer\" value=\"\/pl\/wp-json\/wp\/v2\/pages\/9021\" \/>\r\n<input type=\"hidden\" name=\"_jfb_current_render_states[]\" value=\"DEFAULT.STATE\" data-jfb-sync \/><input type=\"hidden\" class=\"jet-form-builder__field hidden-field\" name=\"_jet_engine_booking_form_id\" data-field-name=\"_jet_engine_booking_form_id\" value=\"8916\">\n<input type=\"hidden\" class=\"jet-form-builder__field hidden-field\" name=\"_jet_engine_refer\" data-field-name=\"_jet_engine_refer\" value=\"https:\/\/blog.footballteamgame.com\/pl\/wp-json\/wp\/v2\/pages\/9021\/\">\n<input type=\"hidden\" class=\"jet-form-builder__field hidden-field\" name=\"__queried_post_id\" data-field-name=\"__queried_post_id\" value=\"9021\">\n<div class=\"jet-form-builder__conditional\" data-jfb-conditional=\"[{&quot;operator&quot;:&quot;render_state&quot;,&quot;render_state&quot;:[&quot;DEFAULT.STATE&quot;]}]\" data-jfb-func=\"show\">\n\n<h2 class=\"wp-block-heading\">Zaloguj si\u0119<\/h2>\n\n\n\n<div class=\"wp-block-group has-small-font-size is-vertical is-content-justification-stretch is-nowrap is-layout-flex wp-container-core-group-is-layout-e4982712 wp-block-group-is-layout-flex\"><div  class=\"jet-form-builder-row field-type-text-field\" >\n<div class=\"jet-form-builder__label\">\r\n<div class=\"jet-form-builder__label-text\">Nazwa\/email <span class=\"jet-form-builder__required\">*<\/span><\/div><\/div><div class=\"jet-form-builder__field-wrap\">\n\t\t\t\t<input required=\"required\" name=\"username\" id=\"username\" type=\"text\" data-field-name=\"username\" class=\"jet-form-builder__field text-field\" data-jfb-sync=\"null\" autocomplete=\"off_vZOPRn7Q\">\n\t\t\t\t\t<\/div>\n<\/div>\n\n<div  class=\"jet-form-builder-row field-type-text-field\" >\n<div class=\"jet-form-builder__label\">\r\n<div class=\"jet-form-builder__label-text\">Has\u0142o <span class=\"jet-form-builder__required\">*<\/span><\/div><\/div><div class=\"jet-form-builder__field-wrap has-eye-icon\">\n\t\t\t\t<input required=\"required\" name=\"password\" id=\"password\" type=\"password\" data-field-name=\"password\" class=\"jet-form-builder__field text-field\" data-jfb-sync=\"null\" autocomplete=\"off_5pPEeu2R\">\n\t\t\t\t\t<span\n\t\t\t\t\tclass=\"jfb-eye-icon seen\"\n\t\t\t\t\trole=\"button\"\n\t\t\t\t\ttabindex=\"0\"\n\t\t\t\t\tstyle=\"\"\n\t\t\t>\n\t\t\t\t<svg class=\"seen-icon\" viewbox=\"0 0 24 24\" xmlns=\"http:\/\/www.w3.org\/2000\/svg\" width=\"24\" height=\"24\" aria-hidden=\"true\" focusable=\"false\" fill=\"currentColor\"><path d=\"M3.99961 13C4.67043 13.3354 4.6703 13.3357 4.67017 13.3359L4.67298 13.3305C4.67621 13.3242 4.68184 13.3135 4.68988 13.2985C4.70595 13.2686 4.7316 13.2218 4.76695 13.1608C4.8377 13.0385 4.94692 12.8592 5.09541 12.6419C5.39312 12.2062 5.84436 11.624 6.45435 11.0431C7.67308 9.88241 9.49719 8.75 11.9996 8.75C14.502 8.75 16.3261 9.88241 17.5449 11.0431C18.1549 11.624 18.6061 12.2062 18.9038 12.6419C19.0523 12.8592 19.1615 13.0385 19.2323 13.1608C19.2676 13.2218 19.2933 13.2686 19.3093 13.2985C19.3174 13.3135 19.323 13.3242 19.3262 13.3305L19.3291 13.3359C19.3289 13.3357 19.3288 13.3354 19.9996 13C20.6704 12.6646 20.6703 12.6643 20.6701 12.664L20.6697 12.6632L20.6688 12.6614L20.6662 12.6563L20.6583 12.6408C20.6517 12.6282 20.6427 12.6108 20.631 12.5892C20.6078 12.5459 20.5744 12.4852 20.5306 12.4096C20.4432 12.2584 20.3141 12.0471 20.1423 11.7956C19.7994 11.2938 19.2819 10.626 18.5794 9.9569C17.1731 8.61759 14.9972 7.25 11.9996 7.25C9.00203 7.25 6.82614 8.61759 5.41987 9.9569C4.71736 10.626 4.19984 11.2938 3.85694 11.7956C3.68511 12.0471 3.55605 12.2584 3.4686 12.4096C3.42484 12.4852 3.39142 12.5459 3.36818 12.5892C3.35656 12.6108 3.34748 12.6282 3.34092 12.6408L3.33297 12.6563L3.33041 12.6614L3.32948 12.6632L3.32911 12.664C3.32894 12.6643 3.32879 12.6646 3.99961 13ZM11.9996 16C13.9326 16 15.4996 14.433 15.4996 12.5C15.4996 10.567 13.9326 9 11.9996 9C10.0666 9 8.49961 10.567 8.49961 12.5C8.49961 14.433 10.0666 16 11.9996 16Z\"><\/path><\/svg>\t\t\t\t<svg class=\"unseen-icon\" viewbox=\"0 0 24 24\" xmlns=\"http:\/\/www.w3.org\/2000\/svg\" width=\"24\" height=\"24\" aria-hidden=\"true\" focusable=\"false\" fill=\"currentColor\"><path d=\"M4.67 10.664s-2.09 1.11-2.917 1.582l.494.87 1.608-.914.002.002c.343.502.86 1.17 1.563 1.84.348.33.742.663 1.185.976L5.57 16.744l.858.515 1.02-1.701a9.1 9.1 0 0 0 4.051 1.18V19h1v-2.263a9.1 9.1 0 0 0 4.05-1.18l1.021 1.7.858-.514-1.034-1.723c.442-.313.837-.646 1.184-.977.703-.669 1.22-1.337 1.563-1.839l.002-.003 1.61.914.493-.87c-1.75-.994-2.918-1.58-2.918-1.58l-.003.005a8.29 8.29 0 0 1-.422.689 10.097 10.097 0 0 1-1.36 1.598c-1.218 1.16-3.042 2.293-5.544 2.293-2.503 0-4.327-1.132-5.546-2.293a10.099 10.099 0 0 1-1.359-1.599 8.267 8.267 0 0 1-.422-.689l-.003-.005Z\"><\/path><\/svg>\t\t\t<\/span>\n\t\t\t\t\t<\/div>\n<\/div>\n\n<div  class=\"jet-form-builder-row field-type-checkbox-field\" >\n<div class=\"jet-form-builder__fields-group checkradio-wrap\" data-jfb-sync><div class=\"jet-form-builder__field-wrap checkboxes-wrap checkradio-wrap\"><label class=\"jet-form-builder__field-label for-checkbox\">\n<input type=\"checkbox\" name=\"remember_me\" value=\"1\" data-field-name=\"remember_me\"  class=\"jet-form-builder__field checkboxes-field checkradio-field\"><span>Zapami\u0119taj mnie<\/span><\/label><\/div><\/div>\n<\/div>\n\n<div  class=\"jet-form-builder-row field-type-submit-field\" >\n\t<div data-type=\"submit\" class=\"jet-form-builder__action-button-wrapper jet-form-builder__submit-wrap\">\n\t<button class=\"jet-form-builder__action-button jet-form-builder__submit submit-type-reload\" type=\"submit\">Zaloguj si\u0119<\/button>\n\t<\/div>\n\t\n<\/div><\/div>\n\n\n<div  class=\"jet-form-builder-row field-type-submit-field\" >\n\t<div data-type=\"switch-state\" class=\"jet-form-builder__action-button-wrapper\">\n\t<button class=\"jet-form-builder__action-button jet-form-builder__button-switch-state\" type=\"button\" data-switch-on=\"[&quot;DEFAULT.STATE2&quot;]\" data-jfb-conditional=\"[{&quot;operator&quot;:&quot;render_state&quot;,&quot;render_state&quot;:[&quot;DEFAULT.STATE2&quot;]}]\" data-jfb-func=\"{&quot;setCssClass&quot;:{&quot;className&quot;:&quot;has-active-state&quot;}}\">Zapomnia\u0142e\u015b has\u0142a?<\/button>\n\t<\/div>\n\t\n<\/div>\n<\/div>\n\n<div class=\"jet-form-builder__conditional jet-form-builder--hidden\" data-jfb-conditional=\"[{&quot;operator&quot;:&quot;render_state&quot;,&quot;render_state&quot;:[&quot;RESET.PASSWORD&quot;,&quot;DEFAULT.STATE2&quot;]}]\" data-jfb-func=\"{&quot;show&quot;:{&quot;dom&quot;:false}}\">\n\n<h2 class=\"wp-block-heading\">Zresetuj has\u0142o<\/h2>\n\n\n\n<div  class=\"jet-form-builder-row field-type-text-field\" >\n<div class=\"jet-form-builder__label\">\r\n<div class=\"jet-form-builder__label-text\">Nazwa\/email<\/div><\/div><div class=\"jet-form-builder__field-wrap\">\n\t\t\t\t<input name=\"user_login_or_email\" id=\"user_login_or_email\" type=\"text\" data-field-name=\"user_login_or_email\" class=\"jet-form-builder__field text-field\" data-jfb-sync=\"null\" autocomplete=\"off_L4sy0Vn9\">\n\t\t\t\t\t<\/div>\n<\/div>\n\n\n\n<div  class=\"jet-form-builder-row field-type-submit-field\" >\n\t<div data-type=\"submit\" class=\"jet-form-builder__action-button-wrapper jet-form-builder__submit-wrap\">\n\t<button class=\"jet-form-builder__action-button jet-form-builder__submit submit-type-reload\" type=\"submit\">Zresetuj has\u0142o<\/button>\n\t<\/div>\n\t\n<\/div>\n\n\n<div  class=\"jet-form-builder-row field-type-submit-field\" >\n\t<div data-type=\"switch-state\" class=\"jet-form-builder__action-button-wrapper\">\n\t<button class=\"jet-form-builder__action-button jet-form-builder__button-switch-state has-active-state\" type=\"button\" data-switch-on=\"[&quot;DEFAULT.STATE&quot;]\" data-jfb-conditional=\"[{&quot;operator&quot;:&quot;render_state&quot;,&quot;render_state&quot;:[&quot;DEFAULT.STATE&quot;]}]\" data-jfb-func=\"{&quot;setCssClass&quot;:{&quot;className&quot;:&quot;has-active-state&quot;}}\">Wr\u00f3\u0107<\/button>\n\t<\/div>\n\t\n<\/div>\n<\/div>\t<div class=\"jet-form-builder-messages-wrap\" data-form-id=\"8916\"><\/div>\n<input type=\"hidden\" name=\"trp-form-language\" value=\"pl\"\/><\/form>\n\t\t\t\t<\/div>\n\t\t\t\t<\/div>\n\t\t\t\t<div class=\"elementor-element elementor-element-2e32071 elementor-widget elementor-widget-text-editor\" data-id=\"2e32071\" data-element_type=\"widget\" data-widget_type=\"text-editor.default\">\n\t\t\t\t<div class=\"elementor-widget-container\">\n\t\t\t\t\t\t\t\t\tNie masz konta? <a href=\"https:\/\/blog.footballteamgame.com\/pl\/registration\/\"><strong>Zarejestruj si\u0119<\/strong><\/a>\t\t\t\t\t\t\t\t<\/div>\n\t\t\t\t<\/div>\n\t\t\t\t\t<\/div>\n\t\t\t\t<\/div>\n\t\t\t\t<\/div>","protected":false},"excerpt":{"rendered":"<p>Read More Read More Read More Read More Categories Football 0 Game 1 News 0 Others 0 Player&#8217;s Ideas 0 Tutorials 0 Trending Read More Read More Read More Read More Top 10 Contributor Log In Username\/email * Password * Remember me Log in Forgot Your Password? Reset Password Username\/email Reset Password Return Don\u2019t have [&hellip;]<\/p>","protected":false},"author":1,"featured_media":0,"parent":0,"menu_order":0,"comment_status":"closed","ping_status":"closed","template":"","meta":{"footnotes":""},"class_list":["post-9021","page","type-page","status-publish","hentry"],"yoast_head":"<!-- This site is optimized with the Yoast SEO plugin v27.3 - https:\/\/yoast.com\/product\/yoast-seo-wordpress\/ -->\n<title>Player Corner - Football Team Game<\/title>\n<meta name=\"robots\" content=\"index, follow, max-snippet:-1, max-image-preview:large, max-video-preview:-1\" \/>\n<link rel=\"canonical\" href=\"https:\/\/blog.footballteamgame.com\/pl\/player-corner\/\" \/>\n<meta property=\"og:locale\" content=\"pl_PL\" \/>\n<meta property=\"og:type\" content=\"article\" \/>\n<meta property=\"og:title\" content=\"Player Corner - Football Team Game\" \/>\n<meta property=\"og:description\" content=\"Read More Read More Read More Read More Categories Football 0 Game 1 News 0 Others 0 Player&#8217;s Ideas 0 Tutorials 0 Trending Read More Read More Read More Read More Top 10 Contributor Log In Username\/email * Password * Remember me Log in Forgot Your Password? Reset Password Username\/email Reset Password Return Don\u2019t have [&hellip;]\" \/>\n<meta property=\"og:url\" content=\"https:\/\/blog.footballteamgame.com\/pl\/player-corner\/\" \/>\n<meta property=\"og:site_name\" content=\"Football Team Game\" \/>\n<meta property=\"article:modified_time\" content=\"2025-08-28T11:47:56+00:00\" \/>\n<meta name=\"twitter:card\" content=\"summary_large_image\" \/>\n<meta name=\"twitter:label1\" content=\"Szacowany czas czytania\" \/>\n\t<meta name=\"twitter:data1\" content=\"2 minuty\" \/>\n<script type=\"application\/ld+json\" class=\"yoast-schema-graph\">{\"@context\":\"https:\\\/\\\/schema.org\",\"@graph\":[{\"@type\":\"WebPage\",\"@id\":\"https:\\\/\\\/blog.footballteamgame.com\\\/player-corner\\\/\",\"url\":\"https:\\\/\\\/blog.footballteamgame.com\\\/player-corner\\\/\",\"name\":\"Player Corner - Football Team Game\",\"isPartOf\":{\"@id\":\"https:\\\/\\\/blog.footballteamgame.com\\\/#website\"},\"datePublished\":\"2025-06-26T11:45:13+00:00\",\"dateModified\":\"2025-08-28T11:47:56+00:00\",\"breadcrumb\":{\"@id\":\"https:\\\/\\\/blog.footballteamgame.com\\\/player-corner\\\/#breadcrumb\"},\"inLanguage\":\"pl-PL\",\"potentialAction\":[{\"@type\":\"ReadAction\",\"target\":[\"https:\\\/\\\/blog.footballteamgame.com\\\/player-corner\\\/\"]}]},{\"@type\":\"BreadcrumbList\",\"@id\":\"https:\\\/\\\/blog.footballteamgame.com\\\/player-corner\\\/#breadcrumb\",\"itemListElement\":[{\"@type\":\"ListItem\",\"position\":1,\"name\":\"Home\",\"item\":\"https:\\\/\\\/blog.footballteamgame.com\\\/\"},{\"@type\":\"ListItem\",\"position\":2,\"name\":\"Player Corner\"}]},{\"@type\":\"WebSite\",\"@id\":\"https:\\\/\\\/blog.footballteamgame.com\\\/#website\",\"url\":\"https:\\\/\\\/blog.footballteamgame.com\\\/\",\"name\":\"Football Team Game\",\"description\":\"Football Team Game\",\"potentialAction\":[{\"@type\":\"SearchAction\",\"target\":{\"@type\":\"EntryPoint\",\"urlTemplate\":\"https:\\\/\\\/blog.footballteamgame.com\\\/?s={search_term_string}\"},\"query-input\":{\"@type\":\"PropertyValueSpecification\",\"valueRequired\":true,\"valueName\":\"search_term_string\"}}],\"inLanguage\":\"pl-PL\"}]}<\/script>\n<!-- \/ Yoast SEO plugin. -->","yoast_head_json":{"title":"Player Corner - Football Team Game","robots":{"index":"index","follow":"follow","max-snippet":"max-snippet:-1","max-image-preview":"max-image-preview:large","max-video-preview":"max-video-preview:-1"},"canonical":"https:\/\/blog.footballteamgame.com\/pl\/player-corner\/","og_locale":"pl_PL","og_type":"article","og_title":"Player Corner - Football Team Game","og_description":"Read More Read More Read More Read More Categories Football 0 Game 1 News 0 Others 0 Player&#8217;s Ideas 0 Tutorials 0 Trending Read More Read More Read More Read More Top 10 Contributor Log In Username\/email * Password * Remember me Log in Forgot Your Password? Reset Password Username\/email Reset Password Return Don\u2019t have [&hellip;]","og_url":"https:\/\/blog.footballteamgame.com\/pl\/player-corner\/","og_site_name":"Football Team Game","article_modified_time":"2025-08-28T11:47:56+00:00","twitter_card":"summary_large_image","twitter_misc":{"Szacowany czas czytania":"2 minuty"},"schema":{"@context":"https:\/\/schema.org","@graph":[{"@type":"WebPage","@id":"https:\/\/blog.footballteamgame.com\/player-corner\/","url":"https:\/\/blog.footballteamgame.com\/player-corner\/","name":"Player Corner - Football Team Game","isPartOf":{"@id":"https:\/\/blog.footballteamgame.com\/#website"},"datePublished":"2025-06-26T11:45:13+00:00","dateModified":"2025-08-28T11:47:56+00:00","breadcrumb":{"@id":"https:\/\/blog.footballteamgame.com\/player-corner\/#breadcrumb"},"inLanguage":"pl-PL","potentialAction":[{"@type":"ReadAction","target":["https:\/\/blog.footballteamgame.com\/player-corner\/"]}]},{"@type":"BreadcrumbList","@id":"https:\/\/blog.footballteamgame.com\/player-corner\/#breadcrumb","itemListElement":[{"@type":"ListItem","position":1,"name":"Home","item":"https:\/\/blog.footballteamgame.com\/"},{"@type":"ListItem","position":2,"name":"Player Corner"}]},{"@type":"WebSite","@id":"https:\/\/blog.footballteamgame.com\/#website","url":"https:\/\/blog.footballteamgame.com\/","name":"Football Team Game","description":"Football Team Game","potentialAction":[{"@type":"SearchAction","target":{"@type":"EntryPoint","urlTemplate":"https:\/\/blog.footballteamgame.com\/?s={search_term_string}"},"query-input":{"@type":"PropertyValueSpecification","valueRequired":true,"valueName":"search_term_string"}}],"inLanguage":"pl-PL"}]}},"_links":{"self":[{"href":"https:\/\/blog.footballteamgame.com\/pl\/wp-json\/wp\/v2\/pages\/9021","targetHints":{"allow":["GET"]}}],"collection":[{"href":"https:\/\/blog.footballteamgame.com\/pl\/wp-json\/wp\/v2\/pages"}],"about":[{"href":"https:\/\/blog.footballteamgame.com\/pl\/wp-json\/wp\/v2\/types\/page"}],"author":[{"embeddable":true,"href":"https:\/\/blog.footballteamgame.com\/pl\/wp-json\/wp\/v2\/users\/1"}],"replies":[{"embeddable":true,"href":"https:\/\/blog.footballteamgame.com\/pl\/wp-json\/wp\/v2\/comments?post=9021"}],"version-history":[{"count":0,"href":"https:\/\/blog.footballteamgame.com\/pl\/wp-json\/wp\/v2\/pages\/9021\/revisions"}],"wp:attachment":[{"href":"https:\/\/blog.footballteamgame.com\/pl\/wp-json\/wp\/v2\/media?parent=9021"}],"curies":[{"name":"wp","href":"https:\/\/api.w.org\/{rel}","templated":true}]}}